{"id":10,"date":"2023-10-18T15:11:58","date_gmt":"2023-10-18T13:11:58","guid":{"rendered":"https:\/\/rusmateriale.dk\/?page_id=10"},"modified":"2023-12-05T13:07:51","modified_gmt":"2023-12-05T11:07:51","slug":"om","status":"publish","type":"page","link":"https:\/\/rusmateriale.dk\/?page_id=10","title":{"rendered":"OM UDDANNELSEN"},"content":{"rendered":"\n<h2 class=\"wp-block-heading\">OM UDDANNELSEN<\/h2>\n\n\n\n<div class=\"wp-block-columns is-layout-flex wp-container-core-columns-is-layout-9d6595d7 wp-block-columns-is-layout-flex\">\n<div class=\"wp-block-column is-layout-flow wp-block-column-is-layout-flow\" style=\"flex-basis:100%\">\n<p>Diplomuddannelse i Rusmiddelbehandling er en uddannelse som udbydes p\u00e5 K\u00f8benhavns Professionsh\u00f8jskole og VIA Univercity College, og er en kompetencegivende f\u00e6lles rusmiddelbehandleruddannelse, som er m\u00e5lrettet b\u00e5de social- og sundhedsomr\u00e5det; herunder alkohol- og stofmisbrugsbehandlingen.<\/p>\n<\/div>\n<\/div>\n\n\n\n<div class=\"wp-block-columns is-layout-flex wp-container-core-columns-is-layout-9d6595d7 wp-block-columns-is-layout-flex\">\n<div class=\"wp-block-column is-layout-flow wp-block-column-is-layout-flow\" style=\"flex-basis:100%\">\n<p>Uddannelsen er bygget op omkring en r\u00e6kke obligatoriske og valgfrie moduler. Du kan l\u00e6se mere om uddannelsen her (henvisning til hjemmesider \u2013 findes ikke endnu) og se uddannelsens studieordning her (link til denne \u2013 findes heller ikke endnu)<\/p>\n<\/div>\n<\/div>\n\n\n\n<p><a href=\"https:\/\/rusmateriale.dk\/?page_id=95\" data-type=\"link\" data-id=\"https:\/\/rusmateriale.dk\/?page_id=90\">L\u00e6s mere om opbygningen her<\/a><\/p>\n","protected":false},"excerpt":{"rendered":"<p>OM UDDANNELSEN Diplomuddannelse i Rusmiddelbehandling er en uddannelse som udbydes p\u00e5 K\u00f8benhavns Professionsh\u00f8jskole og VIA Univercity College, og er en kompetencegivende f\u00e6lles rusmiddelbehandleruddannelse, som er m\u00e5lrettet b\u00e5de social- og sundhedsomr\u00e5det; herunder alkohol- og stofmisbrugsbehandlingen. Uddannelsen er bygget op omkring en r\u00e6kke obligatoriske og valgfrie moduler. Du kan l\u00e6se mere om uddannelsen her (henvisning til hjemmesider [&hellip;]<\/p>\n","protected":false},"author":2,"featured_media":0,"parent":0,"menu_order":0,"comment_status":"closed","ping_status":"closed","template":"","meta":{"footnotes":""},"class_list":["post-10","page","type-page","status-publish","hentry"],"featured_image_src":null,"featured_image_src_square":null,"_links":{"self":[{"href":"https:\/\/rusmateriale.dk\/index.php?rest_route=\/wp\/v2\/pages\/10","targetHints":{"allow":["GET"]}}],"collection":[{"href":"https:\/\/rusmateriale.dk\/index.php?rest_route=\/wp\/v2\/pages"}],"about":[{"href":"https:\/\/rusmateriale.dk\/index.php?rest_route=\/wp\/v2\/types\/page"}],"author":[{"embeddable":true,"href":"https:\/\/rusmateriale.dk\/index.php?rest_route=\/wp\/v2\/users\/2"}],"replies":[{"embeddable":true,"href":"https:\/\/rusmateriale.dk\/index.php?rest_route=%2Fwp%2Fv2%2Fcomments&post=10"}],"version-history":[{"count":0,"href":"https:\/\/rusmateriale.dk\/index.php?rest_route=\/wp\/v2\/pages\/10\/revisions"}],"wp:attachment":[{"href":"https:\/\/rusmateriale.dk\/index.php?rest_route=%2Fwp%2Fv2%2Fmedia&parent=10"}],"curies":[{"name":"wp","href":"https:\/\/api.w.org\/{rel}","templated":true}]}}