{"id":40,"date":"2023-10-18T15:48:06","date_gmt":"2023-10-18T13:48:06","guid":{"rendered":"https:\/\/rusmateriale.dk\/?page_id=40"},"modified":"2024-07-04T12:25:35","modified_gmt":"2024-07-04T10:25:35","slug":"for-studerende","status":"publish","type":"page","link":"https:\/\/rusmateriale.dk\/?page_id=40","title":{"rendered":"FOR STUDERENDE"},"content":{"rendered":"\n<p><\/p>\n\n\n\n<h2 class=\"wp-block-heading alignwide\">FOR STUDERENDE<\/h2>\n\n\n\n<div class=\"wp-block-group alignfull\"><div class=\"wp-block-group__inner-container is-layout-constrained wp-block-group-is-layout-constrained\">\n<div class=\"wp-block-group alignfull\"><div class=\"wp-block-group__inner-container is-layout-constrained wp-block-group-is-layout-constrained\">\n<div class=\"wp-block-genesis-blocks-gb-columns gb-slate-section-image-and-text-columns gb-slate-image-text-columns gb-layout-columns-1 one-column gb-has-custom-background-color has-background-color gb-columns-center alignfull\" style=\"padding-top:8em;padding-right:1em;padding-bottom:8em;padding-left:1em;background-color:#ededed\"><div class=\"gb-layout-column-wrap gb-block-layout-column-gap-2 gb-is-responsive-column\" style=\"max-width:1200px\">\n<div class=\"wp-block-genesis-blocks-gb-column gb-block-layout-column\"><div class=\"gb-block-layout-column-inner\">\n<p>P\u00e5 denne side kan du finde forskelligt materiale m\u00e5lrettet undervisningen p\u00e5 diplom i rusmiddelbehandling. Du kan under de enkelte moduler finde forskelligt l\u00e6ringsmateriale som du kan anvende l\u00f8bende under uddannelsen. Ved at klikke p\u00e5 de enkelte moduler kommer du videre til materialet.<\/p>\n\n\n\n<div class=\"wp-block-columns is-layout-flex wp-container-core-columns-is-layout-9d6595d7 wp-block-columns-is-layout-flex\">\n<div class=\"wp-block-column is-layout-flow wp-block-column-is-layout-flow\">\n<figure class=\"wp-block-image size-large\"><a href=\"https:\/\/rise.articulate.com\/share\/ArVqUwU8UIdH3YJId6RfTxt23A3BdD0i\" target=\"_blank\" rel=\"noreferrer noopener\"><img loading=\"lazy\" decoding=\"async\" width=\"1024\" height=\"683\" src=\"https:\/\/rusmateriale.dk\/wp-content\/uploads\/2023\/11\/studerende-med-haender-1024x683.jpg\" alt=\"\" class=\"wp-image-159\" srcset=\"https:\/\/rusmateriale.dk\/wp-content\/uploads\/2023\/11\/studerende-med-haender-1024x683.jpg 1024w, https:\/\/rusmateriale.dk\/wp-content\/uploads\/2023\/11\/studerende-med-haender-300x200.jpg 300w, https:\/\/rusmateriale.dk\/wp-content\/uploads\/2023\/11\/studerende-med-haender-768x512.jpg 768w, https:\/\/rusmateriale.dk\/wp-content\/uploads\/2023\/11\/studerende-med-haender-1536x1024.jpg 1536w, https:\/\/rusmateriale.dk\/wp-content\/uploads\/2023\/11\/studerende-med-haender-2048x1366.jpg 2048w, https:\/\/rusmateriale.dk\/wp-content\/uploads\/2023\/11\/studerende-med-haender-600x400.jpg 600w, https:\/\/rusmateriale.dk\/wp-content\/uploads\/2023\/11\/studerende-med-haender-1200x800.jpg 1200w, https:\/\/rusmateriale.dk\/wp-content\/uploads\/2023\/11\/studerende-med-haender-1980x1320.jpg 1980w\" sizes=\"auto, (max-width: 1024px) 100vw, 1024px\" \/><\/a><\/figure>\n\n\n\n<h3 class=\"wp-block-heading has-text-color\" style=\"color:#1f1f1f;font-size:26px\">Obligatorisk modul 1: <\/h3>\n\n\n\n<p class=\"has-text-color\" style=\"color:#1f1f1f\"><a href=\"https:\/\/rise.articulate.com\/share\/ArVqUwU8UIdH3YJId6RfTxt23A3BdD0i\" data-type=\"link\" data-id=\"https:\/\/rise.articulate.com\/share\/ArVqUwU8UIdH3YJId6RfTxt23A3BdD0i\" target=\"_blank\" rel=\"noreferrer noopener\">Rammer og m\u00e5lgruppeforst\u00e5else i rusmiddelbehandling<\/a><\/p>\n<\/div>\n\n\n\n<div class=\"wp-block-column is-layout-flow wp-block-column-is-layout-flow\">\n<figure class=\"wp-block-image size-large\"><a href=\"https:\/\/rise.articulate.com\/share\/PN2qUQryR7r1t_0XgkXubBO6jG2cVHWI\" target=\"_blank\" rel=\"noreferrer noopener\"><img loading=\"lazy\" decoding=\"async\" width=\"1024\" height=\"683\" src=\"https:\/\/rusmateriale.dk\/wp-content\/uploads\/2023\/11\/studerende-modul-2-edited-1024x683.jpg\" alt=\"\" class=\"wp-image-112\" srcset=\"https:\/\/rusmateriale.dk\/wp-content\/uploads\/2023\/11\/studerende-modul-2-edited-1024x683.jpg 1024w, https:\/\/rusmateriale.dk\/wp-content\/uploads\/2023\/11\/studerende-modul-2-edited-300x200.jpg 300w, https:\/\/rusmateriale.dk\/wp-content\/uploads\/2023\/11\/studerende-modul-2-edited-768x512.jpg 768w, https:\/\/rusmateriale.dk\/wp-content\/uploads\/2023\/11\/studerende-modul-2-edited-1536x1024.jpg 1536w, https:\/\/rusmateriale.dk\/wp-content\/uploads\/2023\/11\/studerende-modul-2-edited-2048x1365.jpg 2048w, https:\/\/rusmateriale.dk\/wp-content\/uploads\/2023\/11\/studerende-modul-2-edited-600x400.jpg 600w, https:\/\/rusmateriale.dk\/wp-content\/uploads\/2023\/11\/studerende-modul-2-edited-1200x800.jpg 1200w, https:\/\/rusmateriale.dk\/wp-content\/uploads\/2023\/11\/studerende-modul-2-edited-1980x1320.jpg 1980w\" sizes=\"auto, (max-width: 1024px) 100vw, 1024px\" \/><\/a><\/figure>\n\n\n\n<h3 class=\"wp-block-heading has-text-color\" style=\"color:#1f1f1f;font-size:26px\">Obligatorisk modul 2: <\/h3>\n\n\n\n<p class=\"has-text-color\" style=\"color:#1f1f1f\"><a href=\"https:\/\/rise.articulate.com\/share\/PN2qUQryR7r1t_0XgkXubBO6jG2cVHWI\" target=\"_blank\" rel=\"noreferrer noopener\">Behandlingsmetoder i rusmiddelbehandling<\/a><\/p>\n<\/div>\n\n\n\n<div class=\"wp-block-column is-layout-flow wp-block-column-is-layout-flow\">\n<figure class=\"wp-block-image size-large\"><a href=\"https:\/\/rise.articulate.com\/share\/KMJJourOSc8taI9FsaDZJ6O9dj6_6EiG\" target=\"_blank\" rel=\"noreferrer noopener\"><img loading=\"lazy\" decoding=\"async\" width=\"1024\" height=\"682\" src=\"https:\/\/rusmateriale.dk\/wp-content\/uploads\/2023\/11\/modul-3-studerende-edited-1024x682.jpg\" alt=\"\" class=\"wp-image-115\" srcset=\"https:\/\/rusmateriale.dk\/wp-content\/uploads\/2023\/11\/modul-3-studerende-edited-1024x682.jpg 1024w, https:\/\/rusmateriale.dk\/wp-content\/uploads\/2023\/11\/modul-3-studerende-edited-300x200.jpg 300w, https:\/\/rusmateriale.dk\/wp-content\/uploads\/2023\/11\/modul-3-studerende-edited-768x512.jpg 768w, https:\/\/rusmateriale.dk\/wp-content\/uploads\/2023\/11\/modul-3-studerende-edited-600x400.jpg 600w, https:\/\/rusmateriale.dk\/wp-content\/uploads\/2023\/11\/modul-3-studerende-edited-1200x799.jpg 1200w, https:\/\/rusmateriale.dk\/wp-content\/uploads\/2023\/11\/modul-3-studerende-edited.jpg 1534w\" sizes=\"auto, (max-width: 1024px) 100vw, 1024px\" \/><\/a><\/figure>\n\n\n\n<h3 class=\"wp-block-heading has-text-color\" style=\"color:#1f1f1f;font-size:26px\">Obligatorisk modul 3: <\/h3>\n\n\n\n<p><a rel=\"noreferrer noopener\" href=\"https:\/\/rise.articulate.com\/share\/KMJJourOSc8taI9FsaDZJ6O9dj6_6EiG\" target=\"_blank\">Behandlingstilrettel\u00e6ggelse i rusmiddelbehandling<\/a><\/p>\n<\/div>\n<\/div>\n\n\n\n<div class=\"wp-block-columns alignfull is-layout-flex wp-container-core-columns-is-layout-9d6595d7 wp-block-columns-is-layout-flex\">\n<div class=\"wp-block-column is-layout-flow wp-block-column-is-layout-flow\">\n<figure class=\"wp-block-image size-large\"><a href=\"https:\/\/rise.articulate.com\/share\/IYlYkDybIEB_LfiEPgmDUungTRzMXDMk\" target=\"_blank\" rel=\"noreferrer noopener\"><img loading=\"lazy\" decoding=\"async\" width=\"1024\" height=\"683\" src=\"https:\/\/rusmateriale.dk\/wp-content\/uploads\/2023\/11\/valgmodul-1-studerende-1024x683.jpg\" alt=\"\" class=\"wp-image-116\" srcset=\"https:\/\/rusmateriale.dk\/wp-content\/uploads\/2023\/11\/valgmodul-1-studerende-1024x683.jpg 1024w, https:\/\/rusmateriale.dk\/wp-content\/uploads\/2023\/11\/valgmodul-1-studerende-300x200.jpg 300w, https:\/\/rusmateriale.dk\/wp-content\/uploads\/2023\/11\/valgmodul-1-studerende-768x512.jpg 768w, https:\/\/rusmateriale.dk\/wp-content\/uploads\/2023\/11\/valgmodul-1-studerende-1536x1024.jpg 1536w, https:\/\/rusmateriale.dk\/wp-content\/uploads\/2023\/11\/valgmodul-1-studerende-2048x1365.jpg 2048w, https:\/\/rusmateriale.dk\/wp-content\/uploads\/2023\/11\/valgmodul-1-studerende-600x400.jpg 600w, https:\/\/rusmateriale.dk\/wp-content\/uploads\/2023\/11\/valgmodul-1-studerende-1200x800.jpg 1200w, https:\/\/rusmateriale.dk\/wp-content\/uploads\/2023\/11\/valgmodul-1-studerende-1980x1320.jpg 1980w\" sizes=\"auto, (max-width: 1024px) 100vw, 1024px\" \/><\/a><\/figure>\n\n\n\n<h2 class=\"wp-block-heading has-text-color\" style=\"color:#1f1f1f;font-size:26px\">Valgmodul 1<\/h2>\n\n\n\n<p class=\"has-text-color\" style=\"color:#1f1f1f\"><a href=\"https:\/\/rise.articulate.com\/share\/IYlYkDybIEB_LfiEPgmDUungTRzMXDMk\" target=\"_blank\" rel=\"noreferrer noopener\">Mennesker med multiple problemer og rusmiddelbrug<\/a><\/p>\n<\/div>\n\n\n\n<div class=\"wp-block-column is-layout-flow wp-block-column-is-layout-flow\">\n<figure class=\"wp-block-image size-large\"><a href=\"https:\/\/rise.articulate.com\/share\/TSnkXegycWLUVp2U8rdPrI1uKkOlgKDy\" target=\"_blank\" rel=\"noreferrer noopener\"><img loading=\"lazy\" decoding=\"async\" width=\"1024\" height=\"683\" src=\"https:\/\/rusmateriale.dk\/wp-content\/uploads\/2023\/11\/valg-modul-2-studerende-1024x683.jpg\" alt=\"\" class=\"wp-image-117\" srcset=\"https:\/\/rusmateriale.dk\/wp-content\/uploads\/2023\/11\/valg-modul-2-studerende-1024x683.jpg 1024w, https:\/\/rusmateriale.dk\/wp-content\/uploads\/2023\/11\/valg-modul-2-studerende-300x200.jpg 300w, https:\/\/rusmateriale.dk\/wp-content\/uploads\/2023\/11\/valg-modul-2-studerende-768x512.jpg 768w, https:\/\/rusmateriale.dk\/wp-content\/uploads\/2023\/11\/valg-modul-2-studerende-1536x1024.jpg 1536w, https:\/\/rusmateriale.dk\/wp-content\/uploads\/2023\/11\/valg-modul-2-studerende-2048x1365.jpg 2048w, https:\/\/rusmateriale.dk\/wp-content\/uploads\/2023\/11\/valg-modul-2-studerende-600x400.jpg 600w, https:\/\/rusmateriale.dk\/wp-content\/uploads\/2023\/11\/valg-modul-2-studerende-1200x800.jpg 1200w, https:\/\/rusmateriale.dk\/wp-content\/uploads\/2023\/11\/valg-modul-2-studerende-1980x1320.jpg 1980w\" sizes=\"auto, (max-width: 1024px) 100vw, 1024px\" \/><\/a><\/figure>\n\n\n\n<h2 class=\"wp-block-heading has-text-color\" style=\"color:#1f1f1f;font-size:26px\">Valgmodul 2<\/h2>\n\n\n\n<p class=\"has-text-color\" style=\"color:#1f1f1f\"><a href=\"https:\/\/rise.articulate.com\/share\/TSnkXegycWLUVp2U8rdPrI1uKkOlgKDy\" data-type=\"link\" data-id=\"https:\/\/rise.articulate.com\/share\/TSnkXegycWLUVp2U8rdPrI1uKkOlgKDy\" target=\"_blank\" rel=\"noreferrer noopener\">Familieorienteret rusmiddelbehandling<\/a><\/p>\n<\/div>\n\n\n\n<div class=\"wp-block-column is-layout-flow wp-block-column-is-layout-flow\">\n<figure class=\"wp-block-image size-full\"><a href=\"https:\/\/rise.articulate.com\/share\/kx-g4sLfGvhWFNhtCP6QTF2y1gu-XAFA\" target=\"_blank\" rel=\"noreferrer noopener\"><img loading=\"lazy\" decoding=\"async\" width=\"609\" height=\"406\" src=\"https:\/\/rusmateriale.dk\/wp-content\/uploads\/2023\/11\/valgmodul-3-edited.jpg\" alt=\"\" class=\"wp-image-119\" srcset=\"https:\/\/rusmateriale.dk\/wp-content\/uploads\/2023\/11\/valgmodul-3-edited.jpg 609w, https:\/\/rusmateriale.dk\/wp-content\/uploads\/2023\/11\/valgmodul-3-edited-300x200.jpg 300w, https:\/\/rusmateriale.dk\/wp-content\/uploads\/2023\/11\/valgmodul-3-edited-600x400.jpg 600w\" sizes=\"auto, (max-width: 609px) 100vw, 609px\" \/><\/a><\/figure>\n\n\n\n<h2 class=\"wp-block-heading has-text-color\" style=\"color:#1f1f1f;font-size:26px\">Valgmodul 3<\/h2>\n\n\n\n<p><a href=\"https:\/\/rise.articulate.com\/share\/kx-g4sLfGvhWFNhtCP6QTF2y1gu-XAFA\" target=\"_blank\" rel=\"noreferrer noopener\">Unge med problematisk rusmiddelbrug<\/a><\/p>\n<\/div>\n<\/div>\n\n\n\n<div class=\"wp-block-columns is-layout-flex wp-container-core-columns-is-layout-9d6595d7 wp-block-columns-is-layout-flex\">\n<div class=\"wp-block-column is-layout-flow wp-block-column-is-layout-flow\">\n<figure class=\"wp-block-image size-large\"><a href=\"https:\/\/rise.articulate.com\/share\/vDAH-4qhaIQJY6xbMM2q6vAVrkc6c0zD\" target=\"_blank\" rel=\"noreferrer noopener\"><img loading=\"lazy\" decoding=\"async\" width=\"1024\" height=\"683\" src=\"https:\/\/rusmateriale.dk\/wp-content\/uploads\/2023\/11\/valgmodul-4-edited-1024x683.jpg\" alt=\"\" class=\"wp-image-121\" srcset=\"https:\/\/rusmateriale.dk\/wp-content\/uploads\/2023\/11\/valgmodul-4-edited-1024x683.jpg 1024w, https:\/\/rusmateriale.dk\/wp-content\/uploads\/2023\/11\/valgmodul-4-edited-300x200.jpg 300w, https:\/\/rusmateriale.dk\/wp-content\/uploads\/2023\/11\/valgmodul-4-edited-768x512.jpg 768w, https:\/\/rusmateriale.dk\/wp-content\/uploads\/2023\/11\/valgmodul-4-edited-1536x1024.jpg 1536w, https:\/\/rusmateriale.dk\/wp-content\/uploads\/2023\/11\/valgmodul-4-edited-2048x1366.jpg 2048w, https:\/\/rusmateriale.dk\/wp-content\/uploads\/2023\/11\/valgmodul-4-edited-600x400.jpg 600w, https:\/\/rusmateriale.dk\/wp-content\/uploads\/2023\/11\/valgmodul-4-edited-1200x800.jpg 1200w, https:\/\/rusmateriale.dk\/wp-content\/uploads\/2023\/11\/valgmodul-4-edited-1980x1320.jpg 1980w\" sizes=\"auto, (max-width: 1024px) 100vw, 1024px\" \/><\/a><\/figure>\n\n\n\n<h2 class=\"wp-block-heading has-text-color\" style=\"color:#1f1f1f;font-size:26px\">Valgmodul 4<\/h2>\n\n\n\n<p><a href=\"https:\/\/rise.articulate.com\/share\/vDAH-4qhaIQJY6xbMM2q6vAVrkc6c0zD\">Kognitive metoder i ru<\/a><a href=\"https:\/\/rise.articulate.com\/share\/vDAH-4qhaIQJY6xbMM2q6vAVrkc6c0zD\" target=\"_blank\" rel=\"noreferrer noopener\">smiddelbehand<\/a><a href=\"https:\/\/rise.articulate.com\/share\/vDAH-4qhaIQJY6xbMM2q6vAVrkc6c0zD\">lingen<\/a><\/p>\n<\/div>\n\n\n\n<div class=\"wp-block-column is-layout-flow wp-block-column-is-layout-flow\">\n<figure class=\"wp-block-image size-large\"><a href=\"https:\/\/rise.articulate.com\/share\/1BmXh08xkd6gopslbiGVJvcIZ9wHtjnL#\/\" target=\"_blank\" rel=\"noreferrer noopener\"><img loading=\"lazy\" decoding=\"async\" width=\"1024\" height=\"683\" src=\"https:\/\/rusmateriale.dk\/wp-content\/uploads\/2023\/11\/andet-materiale-edited-1024x683.jpg\" alt=\"\" class=\"wp-image-109\" srcset=\"https:\/\/rusmateriale.dk\/wp-content\/uploads\/2023\/11\/andet-materiale-edited-1024x683.jpg 1024w, https:\/\/rusmateriale.dk\/wp-content\/uploads\/2023\/11\/andet-materiale-edited-300x200.jpg 300w, https:\/\/rusmateriale.dk\/wp-content\/uploads\/2023\/11\/andet-materiale-edited-768x512.jpg 768w, https:\/\/rusmateriale.dk\/wp-content\/uploads\/2023\/11\/andet-materiale-edited-1536x1024.jpg 1536w, https:\/\/rusmateriale.dk\/wp-content\/uploads\/2023\/11\/andet-materiale-edited-2048x1365.jpg 2048w, https:\/\/rusmateriale.dk\/wp-content\/uploads\/2023\/11\/andet-materiale-edited-600x400.jpg 600w, https:\/\/rusmateriale.dk\/wp-content\/uploads\/2023\/11\/andet-materiale-edited-1200x800.jpg 1200w, https:\/\/rusmateriale.dk\/wp-content\/uploads\/2023\/11\/andet-materiale-edited-1980x1320.jpg 1980w\" sizes=\"auto, (max-width: 1024px) 100vw, 1024px\" \/><\/a><\/figure>\n\n\n\n<h5 class=\"wp-block-heading\">Faglig l\u00e6sning<\/h5>\n\n\n\n<p><a href=\"https:\/\/rise.articulate.com\/share\/1BmXh08xkd6gopslbiGVJvcIZ9wHtjnL#\/\" target=\"_blank\" rel=\"noreferrer noopener\">Tips til l\u00e6sning af fagtekster<\/a><\/p>\n<\/div>\n\n\n\n<div class=\"wp-block-column is-layout-flow wp-block-column-is-layout-flow\">\n<figure class=\"wp-block-image size-large\"><img loading=\"lazy\" decoding=\"async\" width=\"1024\" height=\"683\" src=\"https:\/\/rusmateriale.dk\/wp-content\/uploads\/2023\/11\/litteratur-edited-1-1024x683.jpg\" alt=\"\" class=\"wp-image-123\" srcset=\"https:\/\/rusmateriale.dk\/wp-content\/uploads\/2023\/11\/litteratur-edited-1-1024x683.jpg 1024w, https:\/\/rusmateriale.dk\/wp-content\/uploads\/2023\/11\/litteratur-edited-1-300x200.jpg 300w, https:\/\/rusmateriale.dk\/wp-content\/uploads\/2023\/11\/litteratur-edited-1-768x512.jpg 768w, https:\/\/rusmateriale.dk\/wp-content\/uploads\/2023\/11\/litteratur-edited-1-1536x1024.jpg 1536w, https:\/\/rusmateriale.dk\/wp-content\/uploads\/2023\/11\/litteratur-edited-1-2048x1366.jpg 2048w, https:\/\/rusmateriale.dk\/wp-content\/uploads\/2023\/11\/litteratur-edited-1-600x400.jpg 600w, https:\/\/rusmateriale.dk\/wp-content\/uploads\/2023\/11\/litteratur-edited-1-1200x800.jpg 1200w, https:\/\/rusmateriale.dk\/wp-content\/uploads\/2023\/11\/litteratur-edited-1-1980x1320.jpg 1980w\" sizes=\"auto, (max-width: 1024px) 100vw, 1024px\" \/><\/figure>\n\n\n\n<h5 class=\"wp-block-heading\">Kompendium<\/h5>\n\n\n\n<p><a href=\"https:\/\/rise.articulate.com\/share\/LPPk-CODaKaKB9UyfJMlIucgQ-ZVfW3c\" data-type=\"link\" data-id=\"https:\/\/rise.articulate.com\/share\/LPPk-CODaKaKB9UyfJMlIucgQ-ZVfW3c\" target=\"_blank\" rel=\"noreferrer noopener\">Kompendium over relevante emner<\/a><\/p>\n<\/div>\n<\/div>\n<\/div><\/div>\n<\/div><\/div>\n<\/div><\/div>\n<\/div><\/div>\n","protected":false},"excerpt":{"rendered":"<p>FOR STUDERENDE<\/p>\n","protected":false},"author":2,"featured_media":0,"parent":0,"menu_order":0,"comment_status":"closed","ping_status":"closed","template":"","meta":{"footnotes":""},"class_list":["post-40","page","type-page","status-publish","hentry"],"featured_image_src":null,"featured_image_src_square":null,"_links":{"self":[{"href":"https:\/\/rusmateriale.dk\/index.php?rest_route=\/wp\/v2\/pages\/40","targetHints":{"allow":["GET"]}}],"collection":[{"href":"https:\/\/rusmateriale.dk\/index.php?rest_route=\/wp\/v2\/pages"}],"about":[{"href":"https:\/\/rusmateriale.dk\/index.php?rest_route=\/wp\/v2\/types\/page"}],"author":[{"embeddable":true,"href":"https:\/\/rusmateriale.dk\/index.php?rest_route=\/wp\/v2\/users\/2"}],"replies":[{"embeddable":true,"href":"https:\/\/rusmateriale.dk\/index.php?rest_route=%2Fwp%2Fv2%2Fcomments&post=40"}],"version-history":[{"count":0,"href":"https:\/\/rusmateriale.dk\/index.php?rest_route=\/wp\/v2\/pages\/40\/revisions"}],"wp:attachment":[{"href":"https:\/\/rusmateriale.dk\/index.php?rest_route=%2Fwp%2Fv2%2Fmedia&parent=40"}],"curies":[{"name":"wp","href":"https:\/\/api.w.org\/{rel}","templated":true}]}}